{"id":79,"date":"2022-08-16T10:07:28","date_gmt":"2022-08-16T10:07:28","guid":{"rendered":"https:\/\/lesne-zacisze.com\/?page_id=79"},"modified":"2022-08-17T10:24:49","modified_gmt":"2022-08-17T10:24:49","slug":"projects","status":"publish","type":"page","link":"https:\/\/lesne-zacisze.com\/?page_id=79","title":{"rendered":"Galeria Domu Seniora Le\u015bne Zacisze"},"content":{"rendered":"\t\t<div data-elementor-type=\"wp-post\" data-elementor-id=\"79\" class=\"elementor elementor-79\">\n\t\t\t\t\t\t<section class=\"elementor-section elementor-top-section elementor-element elementor-element-851b248 elementor-section-boxed elementor-section-height-default elementor-section-height-default\" data-id=\"851b248\" data-element_type=\"section\">\n\t\t\t\t\t\t<div class=\"elementor-container elementor-column-gap-no\">\n\t\t\t\t\t<div class=\"aux-parallax-section elementor-column elementor-col-100 elementor-top-column elementor-element elementor-element-62adc9e\" data-id=\"62adc9e\" data-element_type=\"column\">\n\t\t\t<div class=\"elementor-widget-wrap elementor-element-populated\">\n\t\t\t\t\t\t<div class=\"elementor-element elementor-element-c782d00 aux-appear-watch-animation aux-fade-in-up elementor-widget elementor-widget-aux_modern_heading\" data-id=\"c782d00\" data-element_type=\"widget\" data-widget_type=\"aux_modern_heading.default\">\n\t\t\t\t<div class=\"elementor-widget-container\">\n\t\t\t<section class=\"aux-widget-modern-heading\">\n            <div class=\"aux-widget-inner\"><h2 class=\"aux-modern-heading-primary\">Tak wygl\u0105damy<\/h2><h3 class=\"aux-modern-heading-secondary\"><span class=\"aux-head-before\">Kilka zdj\u0119\u0107 z naszego Domu Seniora<\/span><\/h3><div class=\"aux-modern-heading-description\"><p>...<\/p><\/div><\/div>\n        <\/section>\t\t<\/div>\n\t\t\t\t<\/div>\n\t\t\t\t\t<\/div>\n\t\t<\/div>\n\t\t\t\t\t<\/div>\n\t\t<\/section>\n\t\t\t\t<section class=\"elementor-section elementor-top-section elementor-element elementor-element-df4a6c9 elementor-section-boxed elementor-section-height-default elementor-section-height-default\" data-id=\"df4a6c9\" data-element_type=\"section\">\n\t\t\t\t\t\t<div class=\"elementor-container elementor-column-gap-default\">\n\t\t\t\t\t<div class=\"aux-parallax-section elementor-column elementor-col-33 elementor-top-column elementor-element elementor-element-282c41a\" data-id=\"282c41a\" data-element_type=\"column\">\n\t\t\t<div class=\"elementor-widget-wrap elementor-element-populated\">\n\t\t\t\t\t\t<div class=\"elementor-element elementor-element-0671d3a elementor-widget elementor-widget-image\" data-id=\"0671d3a\" data-element_type=\"widget\" data-widget_type=\"image.default\">\n\t\t\t\t<div class=\"elementor-widget-container\">\n\t\t\t\t\t\t\t\t\t\t\t\t\t\t<a href=\"https:\/\/lesne-zacisze.com\/wp-content\/uploads\/2022\/08\/DSC01827.jpg\" data-elementor-open-lightbox=\"yes\" data-elementor-lightbox-title=\"DSC01827\" data-e-action-hash=\"#elementor-action%3Aaction%3Dlightbox%26settings%3DeyJpZCI6Mjc1LCJ1cmwiOiJodHRwczpcL1wvbGVzbmUtemFjaXN6ZS5jb21cL3dwLWNvbnRlbnRcL3VwbG9hZHNcLzIwMjJcLzA4XC9EU0MwMTgyNy5qcGcifQ%3D%3D\">\n\t\t\t\t\t\t\t<img fetchpriority=\"high\" decoding=\"async\" width=\"1024\" height=\"1024\" src=\"https:\/\/lesne-zacisze.com\/wp-content\/uploads\/2022\/08\/DSC01827-1024x1024.jpg\" class=\"attachment-large size-large wp-image-275\" alt=\"\" srcset=\"https:\/\/lesne-zacisze.com\/wp-content\/uploads\/2022\/08\/DSC01827-1024x1024.jpg 1024w, https:\/\/lesne-zacisze.com\/wp-content\/uploads\/2022\/08\/DSC01827-300x300.jpg 300w, https:\/\/lesne-zacisze.com\/wp-content\/uploads\/2022\/08\/DSC01827-150x150.jpg 150w, https:\/\/lesne-zacisze.com\/wp-content\/uploads\/2022\/08\/DSC01827-768x768.jpg 768w\" sizes=\"(max-width: 1024px) 100vw, 1024px\" \/>\t\t\t\t\t\t\t\t<\/a>\n\t\t\t\t\t\t\t\t\t\t\t\t\t<\/div>\n\t\t\t\t<\/div>\n\t\t\t\t\t<\/div>\n\t\t<\/div>\n\t\t\t\t<div class=\"aux-parallax-section elementor-column elementor-col-33 elementor-top-column elementor-element elementor-element-87f4848\" data-id=\"87f4848\" data-element_type=\"column\">\n\t\t\t<div class=\"elementor-widget-wrap elementor-element-populated\">\n\t\t\t\t\t\t<div class=\"elementor-element elementor-element-27a491b elementor-widget elementor-widget-image\" data-id=\"27a491b\" data-element_type=\"widget\" data-widget_type=\"image.default\">\n\t\t\t\t<div class=\"elementor-widget-container\">\n\t\t\t\t\t\t\t\t\t\t\t\t\t\t<a href=\"https:\/\/lesne-zacisze.com\/wp-content\/uploads\/2022\/08\/DSC01832.jpg\" data-elementor-open-lightbox=\"yes\" data-elementor-lightbox-title=\"DSC01832\" data-e-action-hash=\"#elementor-action%3Aaction%3Dlightbox%26settings%3DeyJpZCI6Mjg4LCJ1cmwiOiJodHRwczpcL1wvbGVzbmUtemFjaXN6ZS5jb21cL3dwLWNvbnRlbnRcL3VwbG9hZHNcLzIwMjJcLzA4XC9EU0MwMTgzMi5qcGcifQ%3D%3D\">\n\t\t\t\t\t\t\t<img decoding=\"async\" width=\"1024\" height=\"1024\" src=\"https:\/\/lesne-zacisze.com\/wp-content\/uploads\/2022\/08\/DSC01832-1024x1024.jpg\" class=\"attachment-large size-large wp-image-288\" alt=\"\" srcset=\"https:\/\/lesne-zacisze.com\/wp-content\/uploads\/2022\/08\/DSC01832-1024x1024.jpg 1024w, https:\/\/lesne-zacisze.com\/wp-content\/uploads\/2022\/08\/DSC01832-300x300.jpg 300w, https:\/\/lesne-zacisze.com\/wp-content\/uploads\/2022\/08\/DSC01832-150x150.jpg 150w, https:\/\/lesne-zacisze.com\/wp-content\/uploads\/2022\/08\/DSC01832-768x768.jpg 768w\" sizes=\"(max-width: 1024px) 100vw, 1024px\" \/>\t\t\t\t\t\t\t\t<\/a>\n\t\t\t\t\t\t\t\t\t\t\t\t\t<\/div>\n\t\t\t\t<\/div>\n\t\t\t\t\t<\/div>\n\t\t<\/div>\n\t\t\t\t<div class=\"aux-parallax-section elementor-column elementor-col-33 elementor-top-column elementor-element elementor-element-b40574b\" data-id=\"b40574b\" data-element_type=\"column\">\n\t\t\t<div class=\"elementor-widget-wrap elementor-element-populated\">\n\t\t\t\t\t\t<div class=\"elementor-element elementor-element-782e4f9 elementor-widget elementor-widget-image\" data-id=\"782e4f9\" data-element_type=\"widget\" data-widget_type=\"image.default\">\n\t\t\t\t<div class=\"elementor-widget-container\">\n\t\t\t\t\t\t\t\t\t\t\t\t\t\t<a href=\"https:\/\/lesne-zacisze.com\/wp-content\/uploads\/2022\/08\/DSC01817b.jpg\" data-elementor-open-lightbox=\"yes\" data-elementor-lightbox-title=\"DSC01817b\" data-e-action-hash=\"#elementor-action%3Aaction%3Dlightbox%26settings%3DeyJpZCI6MzA2LCJ1cmwiOiJodHRwczpcL1wvbGVzbmUtemFjaXN6ZS5jb21cL3dwLWNvbnRlbnRcL3VwbG9hZHNcLzIwMjJcLzA4XC9EU0MwMTgxN2IuanBnIn0%3D\">\n\t\t\t\t\t\t\t<img decoding=\"async\" width=\"1024\" height=\"1024\" src=\"https:\/\/lesne-zacisze.com\/wp-content\/uploads\/2022\/08\/DSC01817b-1024x1024.jpg\" class=\"attachment-large size-large wp-image-306\" alt=\"\" srcset=\"https:\/\/lesne-zacisze.com\/wp-content\/uploads\/2022\/08\/DSC01817b-1024x1024.jpg 1024w, https:\/\/lesne-zacisze.com\/wp-content\/uploads\/2022\/08\/DSC01817b-300x300.jpg 300w, https:\/\/lesne-zacisze.com\/wp-content\/uploads\/2022\/08\/DSC01817b-150x150.jpg 150w, https:\/\/lesne-zacisze.com\/wp-content\/uploads\/2022\/08\/DSC01817b-768x768.jpg 768w\" sizes=\"(max-width: 1024px) 100vw, 1024px\" \/>\t\t\t\t\t\t\t\t<\/a>\n\t\t\t\t\t\t\t\t\t\t\t\t\t<\/div>\n\t\t\t\t<\/div>\n\t\t\t\t\t<\/div>\n\t\t<\/div>\n\t\t\t\t\t<\/div>\n\t\t<\/section>\n\t\t\t\t<section class=\"elementor-section elementor-top-section elementor-element elementor-element-6ea9234 elementor-section-boxed elementor-section-height-default elementor-section-height-default\" data-id=\"6ea9234\" data-element_type=\"section\">\n\t\t\t\t\t\t<div class=\"elementor-container elementor-column-gap-default\">\n\t\t\t\t\t<div class=\"aux-parallax-section elementor-column elementor-col-33 elementor-top-column elementor-element elementor-element-4f9b48c\" data-id=\"4f9b48c\" data-element_type=\"column\">\n\t\t\t<div class=\"elementor-widget-wrap elementor-element-populated\">\n\t\t\t\t\t\t<div class=\"elementor-element elementor-element-f50791c elementor-widget elementor-widget-image\" data-id=\"f50791c\" data-element_type=\"widget\" data-widget_type=\"image.default\">\n\t\t\t\t<div class=\"elementor-widget-container\">\n\t\t\t\t\t\t\t\t\t\t\t\t\t\t<a href=\"https:\/\/lesne-zacisze.com\/wp-content\/uploads\/2022\/08\/IGP9810-1-scaled.jpg\" data-elementor-open-lightbox=\"yes\" data-elementor-lightbox-title=\"_IGP9810-1\" data-e-action-hash=\"#elementor-action%3Aaction%3Dlightbox%26settings%3DeyJpZCI6MzA3LCJ1cmwiOiJodHRwczpcL1wvbGVzbmUtemFjaXN6ZS5jb21cL3dwLWNvbnRlbnRcL3VwbG9hZHNcLzIwMjJcLzA4XC9JR1A5ODEwLTEtc2NhbGVkLmpwZyJ9\">\n\t\t\t\t\t\t\t<img loading=\"lazy\" decoding=\"async\" width=\"1024\" height=\"1024\" src=\"https:\/\/lesne-zacisze.com\/wp-content\/uploads\/2022\/08\/IGP9810-1-1024x1024.jpg\" class=\"attachment-large size-large wp-image-307\" alt=\"\" srcset=\"https:\/\/lesne-zacisze.com\/wp-content\/uploads\/2022\/08\/IGP9810-1-1024x1024.jpg 1024w, https:\/\/lesne-zacisze.com\/wp-content\/uploads\/2022\/08\/IGP9810-1-300x300.jpg 300w, https:\/\/lesne-zacisze.com\/wp-content\/uploads\/2022\/08\/IGP9810-1-150x150.jpg 150w, https:\/\/lesne-zacisze.com\/wp-content\/uploads\/2022\/08\/IGP9810-1-768x768.jpg 768w\" sizes=\"(max-width: 1024px) 100vw, 1024px\" \/>\t\t\t\t\t\t\t\t<\/a>\n\t\t\t\t\t\t\t\t\t\t\t\t\t<\/div>\n\t\t\t\t<\/div>\n\t\t\t\t\t<\/div>\n\t\t<\/div>\n\t\t\t\t<div class=\"aux-parallax-section elementor-column elementor-col-33 elementor-top-column elementor-element elementor-element-1f0aaa4\" data-id=\"1f0aaa4\" data-element_type=\"column\">\n\t\t\t<div class=\"elementor-widget-wrap elementor-element-populated\">\n\t\t\t\t\t\t<div class=\"elementor-element elementor-element-0aba1e8 elementor-widget elementor-widget-image\" data-id=\"0aba1e8\" data-element_type=\"widget\" data-widget_type=\"image.default\">\n\t\t\t\t<div class=\"elementor-widget-container\">\n\t\t\t\t\t\t\t\t\t\t\t\t\t\t<a href=\"https:\/\/lesne-zacisze.com\/wp-content\/uploads\/2022\/08\/IGP9825-1-scaled.jpg\" data-elementor-open-lightbox=\"yes\" data-elementor-lightbox-title=\"_IGP9825-1\" data-e-action-hash=\"#elementor-action%3Aaction%3Dlightbox%26settings%3DeyJpZCI6MzA4LCJ1cmwiOiJodHRwczpcL1wvbGVzbmUtemFjaXN6ZS5jb21cL3dwLWNvbnRlbnRcL3VwbG9hZHNcLzIwMjJcLzA4XC9JR1A5ODI1LTEtc2NhbGVkLmpwZyJ9\">\n\t\t\t\t\t\t\t<img loading=\"lazy\" decoding=\"async\" width=\"1024\" height=\"1024\" src=\"https:\/\/lesne-zacisze.com\/wp-content\/uploads\/2022\/08\/IGP9825-1-1024x1024.jpg\" class=\"attachment-large size-large wp-image-308\" alt=\"\" srcset=\"https:\/\/lesne-zacisze.com\/wp-content\/uploads\/2022\/08\/IGP9825-1-1024x1024.jpg 1024w, https:\/\/lesne-zacisze.com\/wp-content\/uploads\/2022\/08\/IGP9825-1-300x300.jpg 300w, https:\/\/lesne-zacisze.com\/wp-content\/uploads\/2022\/08\/IGP9825-1-150x150.jpg 150w, https:\/\/lesne-zacisze.com\/wp-content\/uploads\/2022\/08\/IGP9825-1-768x768.jpg 768w\" sizes=\"(max-width: 1024px) 100vw, 1024px\" \/>\t\t\t\t\t\t\t\t<\/a>\n\t\t\t\t\t\t\t\t\t\t\t\t\t<\/div>\n\t\t\t\t<\/div>\n\t\t\t\t\t<\/div>\n\t\t<\/div>\n\t\t\t\t<div class=\"aux-parallax-section elementor-column elementor-col-33 elementor-top-column elementor-element elementor-element-3463d40\" data-id=\"3463d40\" data-element_type=\"column\">\n\t\t\t<div class=\"elementor-widget-wrap elementor-element-populated\">\n\t\t\t\t\t\t<div class=\"elementor-element elementor-element-3d3f3d9 elementor-widget elementor-widget-image\" data-id=\"3d3f3d9\" data-element_type=\"widget\" data-widget_type=\"image.default\">\n\t\t\t\t<div class=\"elementor-widget-container\">\n\t\t\t\t\t\t\t\t\t\t\t\t\t\t<a href=\"https:\/\/lesne-zacisze.com\/wp-content\/uploads\/2022\/08\/IGP9777-1-scaled.jpg\" data-elementor-open-lightbox=\"yes\" data-elementor-lightbox-title=\"_IGP9777-1\" data-e-action-hash=\"#elementor-action%3Aaction%3Dlightbox%26settings%3DeyJpZCI6MzEzLCJ1cmwiOiJodHRwczpcL1wvbGVzbmUtemFjaXN6ZS5jb21cL3dwLWNvbnRlbnRcL3VwbG9hZHNcLzIwMjJcLzA4XC9JR1A5Nzc3LTEtc2NhbGVkLmpwZyJ9\">\n\t\t\t\t\t\t\t<img loading=\"lazy\" decoding=\"async\" width=\"1024\" height=\"1024\" src=\"https:\/\/lesne-zacisze.com\/wp-content\/uploads\/2022\/08\/IGP9777-1-1024x1024.jpg\" class=\"attachment-large size-large wp-image-313\" alt=\"\" srcset=\"https:\/\/lesne-zacisze.com\/wp-content\/uploads\/2022\/08\/IGP9777-1-1024x1024.jpg 1024w, https:\/\/lesne-zacisze.com\/wp-content\/uploads\/2022\/08\/IGP9777-1-300x300.jpg 300w, https:\/\/lesne-zacisze.com\/wp-content\/uploads\/2022\/08\/IGP9777-1-150x150.jpg 150w, https:\/\/lesne-zacisze.com\/wp-content\/uploads\/2022\/08\/IGP9777-1-768x768.jpg 768w\" sizes=\"(max-width: 1024px) 100vw, 1024px\" \/>\t\t\t\t\t\t\t\t<\/a>\n\t\t\t\t\t\t\t\t\t\t\t\t\t<\/div>\n\t\t\t\t<\/div>\n\t\t\t\t\t<\/div>\n\t\t<\/div>\n\t\t\t\t\t<\/div>\n\t\t<\/section>\n\t\t\t\t<section class=\"elementor-section elementor-top-section elementor-element elementor-element-f7f8da7 elementor-section-boxed elementor-section-height-default elementor-section-height-default\" data-id=\"f7f8da7\" data-element_type=\"section\">\n\t\t\t\t\t\t<div class=\"elementor-container elementor-column-gap-default\">\n\t\t\t\t\t<div class=\"aux-parallax-section elementor-column elementor-col-33 elementor-top-column elementor-element elementor-element-c9287ae\" data-id=\"c9287ae\" data-element_type=\"column\">\n\t\t\t<div class=\"elementor-widget-wrap elementor-element-populated\">\n\t\t\t\t\t\t<div class=\"elementor-element elementor-element-ada9904 elementor-widget elementor-widget-image\" data-id=\"ada9904\" data-element_type=\"widget\" data-widget_type=\"image.default\">\n\t\t\t\t<div class=\"elementor-widget-container\">\n\t\t\t\t\t\t\t\t\t\t\t\t\t\t<a href=\"https:\/\/lesne-zacisze.com\/wp-content\/uploads\/2022\/08\/igp0486-21.jpg\" data-elementor-open-lightbox=\"yes\" data-elementor-lightbox-title=\"igp0486-2(1)\" data-e-action-hash=\"#elementor-action%3Aaction%3Dlightbox%26settings%3DeyJpZCI6MzEwLCJ1cmwiOiJodHRwczpcL1wvbGVzbmUtemFjaXN6ZS5jb21cL3dwLWNvbnRlbnRcL3VwbG9hZHNcLzIwMjJcLzA4XC9pZ3AwNDg2LTIxLmpwZyJ9\">\n\t\t\t\t\t\t\t<img loading=\"lazy\" decoding=\"async\" width=\"1024\" height=\"800\" src=\"https:\/\/lesne-zacisze.com\/wp-content\/uploads\/2022\/08\/igp0486-21-1024x800.jpg\" class=\"attachment-large size-large wp-image-310\" alt=\"\" \/>\t\t\t\t\t\t\t\t<\/a>\n\t\t\t\t\t\t\t\t\t\t\t\t\t<\/div>\n\t\t\t\t<\/div>\n\t\t\t\t\t<\/div>\n\t\t<\/div>\n\t\t\t\t<div class=\"aux-parallax-section elementor-column elementor-col-33 elementor-top-column elementor-element elementor-element-23cb74d\" data-id=\"23cb74d\" data-element_type=\"column\">\n\t\t\t<div class=\"elementor-widget-wrap elementor-element-populated\">\n\t\t\t\t\t\t<div class=\"elementor-element elementor-element-e6833a3 elementor-widget elementor-widget-image\" data-id=\"e6833a3\" data-element_type=\"widget\" data-widget_type=\"image.default\">\n\t\t\t\t<div class=\"elementor-widget-container\">\n\t\t\t\t\t\t\t\t\t\t\t\t\t\t<a href=\"https:\/\/lesne-zacisze.com\/wp-content\/uploads\/2022\/08\/mex5143-1.jpg\" data-elementor-open-lightbox=\"yes\" data-elementor-lightbox-title=\"mex5143-1\" data-e-action-hash=\"#elementor-action%3Aaction%3Dlightbox%26settings%3DeyJpZCI6MzEyLCJ1cmwiOiJodHRwczpcL1wvbGVzbmUtemFjaXN6ZS5jb21cL3dwLWNvbnRlbnRcL3VwbG9hZHNcLzIwMjJcLzA4XC9tZXg1MTQzLTEuanBnIn0%3D\">\n\t\t\t\t\t\t\t<img loading=\"lazy\" decoding=\"async\" width=\"1024\" height=\"800\" src=\"https:\/\/lesne-zacisze.com\/wp-content\/uploads\/2022\/08\/mex5143-1-1024x800.jpg\" class=\"attachment-large size-large wp-image-312\" alt=\"\" \/>\t\t\t\t\t\t\t\t<\/a>\n\t\t\t\t\t\t\t\t\t\t\t\t\t<\/div>\n\t\t\t\t<\/div>\n\t\t\t\t\t<\/div>\n\t\t<\/div>\n\t\t\t\t<div class=\"aux-parallax-section elementor-column elementor-col-33 elementor-top-column elementor-element elementor-element-f063473\" data-id=\"f063473\" data-element_type=\"column\">\n\t\t\t<div class=\"elementor-widget-wrap elementor-element-populated\">\n\t\t\t\t\t\t<div class=\"elementor-element elementor-element-6a38a9f elementor-widget elementor-widget-image\" data-id=\"6a38a9f\" data-element_type=\"widget\" data-widget_type=\"image.default\">\n\t\t\t\t<div class=\"elementor-widget-container\">\n\t\t\t\t\t\t\t\t\t\t\t\t\t\t<a href=\"https:\/\/lesne-zacisze.com\/wp-content\/uploads\/2022\/08\/mex5140-1.jpg\" data-elementor-open-lightbox=\"yes\" data-elementor-lightbox-title=\"mex5140-1\" data-e-action-hash=\"#elementor-action%3Aaction%3Dlightbox%26settings%3DeyJpZCI6MzExLCJ1cmwiOiJodHRwczpcL1wvbGVzbmUtemFjaXN6ZS5jb21cL3dwLWNvbnRlbnRcL3VwbG9hZHNcLzIwMjJcLzA4XC9tZXg1MTQwLTEuanBnIn0%3D\">\n\t\t\t\t\t\t\t<img loading=\"lazy\" decoding=\"async\" width=\"1024\" height=\"800\" src=\"https:\/\/lesne-zacisze.com\/wp-content\/uploads\/2022\/08\/mex5140-1-1024x800.jpg\" class=\"attachment-large size-large wp-image-311\" alt=\"\" \/>\t\t\t\t\t\t\t\t<\/a>\n\t\t\t\t\t\t\t\t\t\t\t\t\t<\/div>\n\t\t\t\t<\/div>\n\t\t\t\t\t<\/div>\n\t\t<\/div>\n\t\t\t\t\t<\/div>\n\t\t<\/section>\n\t\t\t\t<section class=\"elementor-section elementor-top-section elementor-element elementor-element-71e4bbc elementor-section-boxed elementor-section-height-default elementor-section-height-default\" data-id=\"71e4bbc\" data-element_type=\"section\">\n\t\t\t\t\t\t<div class=\"elementor-container elementor-column-gap-default\">\n\t\t\t\t\t<div class=\"aux-parallax-section elementor-column elementor-col-33 elementor-top-column elementor-element elementor-element-ad1ab85\" data-id=\"ad1ab85\" data-element_type=\"column\">\n\t\t\t<div class=\"elementor-widget-wrap elementor-element-populated\">\n\t\t\t\t\t\t<div class=\"elementor-element elementor-element-9b6b9e1 elementor-widget elementor-widget-image\" data-id=\"9b6b9e1\" data-element_type=\"widget\" data-widget_type=\"image.default\">\n\t\t\t\t<div class=\"elementor-widget-container\">\n\t\t\t\t\t\t\t\t\t\t\t\t\t\t<a href=\"https:\/\/lesne-zacisze.com\/wp-content\/uploads\/2022\/08\/IGP9872-1-scaled.jpg\" data-elementor-open-lightbox=\"yes\" data-elementor-lightbox-title=\"_IGP9872-1\" data-e-action-hash=\"#elementor-action%3Aaction%3Dlightbox%26settings%3DeyJpZCI6MzE0LCJ1cmwiOiJodHRwczpcL1wvbGVzbmUtemFjaXN6ZS5jb21cL3dwLWNvbnRlbnRcL3VwbG9hZHNcLzIwMjJcLzA4XC9JR1A5ODcyLTEtc2NhbGVkLmpwZyJ9\">\n\t\t\t\t\t\t\t<img loading=\"lazy\" decoding=\"async\" width=\"1024\" height=\"1024\" src=\"https:\/\/lesne-zacisze.com\/wp-content\/uploads\/2022\/08\/IGP9872-1-1024x1024.jpg\" class=\"attachment-large size-large wp-image-314\" alt=\"\" srcset=\"https:\/\/lesne-zacisze.com\/wp-content\/uploads\/2022\/08\/IGP9872-1-1024x1024.jpg 1024w, https:\/\/lesne-zacisze.com\/wp-content\/uploads\/2022\/08\/IGP9872-1-300x300.jpg 300w, https:\/\/lesne-zacisze.com\/wp-content\/uploads\/2022\/08\/IGP9872-1-150x150.jpg 150w, https:\/\/lesne-zacisze.com\/wp-content\/uploads\/2022\/08\/IGP9872-1-768x768.jpg 768w\" sizes=\"(max-width: 1024px) 100vw, 1024px\" \/>\t\t\t\t\t\t\t\t<\/a>\n\t\t\t\t\t\t\t\t\t\t\t\t\t<\/div>\n\t\t\t\t<\/div>\n\t\t\t\t\t<\/div>\n\t\t<\/div>\n\t\t\t\t<div class=\"aux-parallax-section elementor-column elementor-col-33 elementor-top-column elementor-element elementor-element-9e38069\" data-id=\"9e38069\" data-element_type=\"column\">\n\t\t\t<div class=\"elementor-widget-wrap elementor-element-populated\">\n\t\t\t\t\t\t<div class=\"elementor-element elementor-element-c758166 elementor-widget elementor-widget-image\" data-id=\"c758166\" data-element_type=\"widget\" data-widget_type=\"image.default\">\n\t\t\t\t<div class=\"elementor-widget-container\">\n\t\t\t\t\t\t\t\t\t\t\t\t\t\t<a href=\"https:\/\/lesne-zacisze.com\/wp-content\/uploads\/2022\/08\/IGP9889-1-scaled.jpg\" data-elementor-open-lightbox=\"yes\" data-elementor-lightbox-title=\"_IGP9889-1\" data-e-action-hash=\"#elementor-action%3Aaction%3Dlightbox%26settings%3DeyJpZCI6MzE1LCJ1cmwiOiJodHRwczpcL1wvbGVzbmUtemFjaXN6ZS5jb21cL3dwLWNvbnRlbnRcL3VwbG9hZHNcLzIwMjJcLzA4XC9JR1A5ODg5LTEtc2NhbGVkLmpwZyJ9\">\n\t\t\t\t\t\t\t<img loading=\"lazy\" decoding=\"async\" width=\"1024\" height=\"1024\" src=\"https:\/\/lesne-zacisze.com\/wp-content\/uploads\/2022\/08\/IGP9889-1-1024x1024.jpg\" class=\"attachment-large size-large wp-image-315\" alt=\"\" srcset=\"https:\/\/lesne-zacisze.com\/wp-content\/uploads\/2022\/08\/IGP9889-1-1024x1024.jpg 1024w, https:\/\/lesne-zacisze.com\/wp-content\/uploads\/2022\/08\/IGP9889-1-300x300.jpg 300w, https:\/\/lesne-zacisze.com\/wp-content\/uploads\/2022\/08\/IGP9889-1-150x150.jpg 150w, https:\/\/lesne-zacisze.com\/wp-content\/uploads\/2022\/08\/IGP9889-1-768x768.jpg 768w\" sizes=\"(max-width: 1024px) 100vw, 1024px\" \/>\t\t\t\t\t\t\t\t<\/a>\n\t\t\t\t\t\t\t\t\t\t\t\t\t<\/div>\n\t\t\t\t<\/div>\n\t\t\t\t\t<\/div>\n\t\t<\/div>\n\t\t\t\t<div class=\"aux-parallax-section elementor-column elementor-col-33 elementor-top-column elementor-element elementor-element-c8255de\" data-id=\"c8255de\" data-element_type=\"column\">\n\t\t\t<div class=\"elementor-widget-wrap elementor-element-populated\">\n\t\t\t\t\t\t<div class=\"elementor-element elementor-element-da73398 elementor-widget elementor-widget-image\" data-id=\"da73398\" data-element_type=\"widget\" data-widget_type=\"image.default\">\n\t\t\t\t<div class=\"elementor-widget-container\">\n\t\t\t\t\t\t\t\t\t\t\t\t\t\t<a href=\"https:\/\/lesne-zacisze.com\/wp-content\/uploads\/2022\/08\/IGP9905-1-scaled.jpg\" data-elementor-open-lightbox=\"yes\" data-elementor-lightbox-title=\"_IGP9905-1\" data-e-action-hash=\"#elementor-action%3Aaction%3Dlightbox%26settings%3DeyJpZCI6MzE2LCJ1cmwiOiJodHRwczpcL1wvbGVzbmUtemFjaXN6ZS5jb21cL3dwLWNvbnRlbnRcL3VwbG9hZHNcLzIwMjJcLzA4XC9JR1A5OTA1LTEtc2NhbGVkLmpwZyJ9\">\n\t\t\t\t\t\t\t<img loading=\"lazy\" decoding=\"async\" width=\"1024\" height=\"1024\" src=\"https:\/\/lesne-zacisze.com\/wp-content\/uploads\/2022\/08\/IGP9905-1-1024x1024.jpg\" class=\"attachment-large size-large wp-image-316\" alt=\"\" srcset=\"https:\/\/lesne-zacisze.com\/wp-content\/uploads\/2022\/08\/IGP9905-1-1024x1024.jpg 1024w, https:\/\/lesne-zacisze.com\/wp-content\/uploads\/2022\/08\/IGP9905-1-300x300.jpg 300w, https:\/\/lesne-zacisze.com\/wp-content\/uploads\/2022\/08\/IGP9905-1-150x150.jpg 150w, https:\/\/lesne-zacisze.com\/wp-content\/uploads\/2022\/08\/IGP9905-1-768x768.jpg 768w\" sizes=\"(max-width: 1024px) 100vw, 1024px\" \/>\t\t\t\t\t\t\t\t<\/a>\n\t\t\t\t\t\t\t\t\t\t\t\t\t<\/div>\n\t\t\t\t<\/div>\n\t\t\t\t\t<\/div>\n\t\t<\/div>\n\t\t\t\t\t<\/div>\n\t\t<\/section>\n\t\t\t\t<\/div>\n\t\t","protected":false},"excerpt":{"rendered":"<p>Tak wygl\u0105damy Kilka zdj\u0119\u0107 z naszego Domu Seniora &#8230;<\/p>\n","protected":false},"author":1,"featured_media":0,"parent":0,"menu_order":0,"comment_status":"closed","ping_status":"closed","template":"templates\/page-builder-content.php","meta":{"_monsterinsights_skip_tracking":false,"_monsterinsights_sitenote_active":false,"_monsterinsights_sitenote_note":"","_monsterinsights_sitenote_category":0,"footnotes":""},"aioseo_notices":[],"_links":{"self":[{"href":"https:\/\/lesne-zacisze.com\/index.php?rest_route=\/wp\/v2\/pages\/79"}],"collection":[{"href":"https:\/\/lesne-zacisze.com\/index.php?rest_route=\/wp\/v2\/pages"}],"about":[{"href":"https:\/\/lesne-zacisze.com\/index.php?rest_route=\/wp\/v2\/types\/page"}],"author":[{"embeddable":true,"href":"https:\/\/lesne-zacisze.com\/index.php?rest_route=\/wp\/v2\/users\/1"}],"replies":[{"embeddable":true,"href":"https:\/\/lesne-zacisze.com\/index.php?rest_route=%2Fwp%2Fv2%2Fcomments&post=79"}],"version-history":[{"count":20,"href":"https:\/\/lesne-zacisze.com\/index.php?rest_route=\/wp\/v2\/pages\/79\/revisions"}],"predecessor-version":[{"id":414,"href":"https:\/\/lesne-zacisze.com\/index.php?rest_route=\/wp\/v2\/pages\/79\/revisions\/414"}],"wp:attachment":[{"href":"https:\/\/lesne-zacisze.com\/index.php?rest_route=%2Fwp%2Fv2%2Fmedia&parent=79"}],"curies":[{"name":"wp","href":"https:\/\/api.w.org\/{rel}","templated":true}]}}