{"id":80,"date":"2022-08-16T11:44:51","date_gmt":"2022-08-16T11:44:51","guid":{"rendered":"https:\/\/lesne-zacisze.com\/?page_id=80"},"modified":"2022-08-17T10:25:04","modified_gmt":"2022-08-17T10:25:04","slug":"home","status":"publish","type":"page","link":"https:\/\/lesne-zacisze.com\/","title":{"rendered":"G\u0142\u00f3wna"},"content":{"rendered":"\t\t<div data-elementor-type=\"wp-post\" data-elementor-id=\"80\" class=\"elementor elementor-80\">\n\t\t\t\t\t\t<section class=\"elementor-section elementor-top-section elementor-element elementor-element-65ea5ec elementor-section-full_width elementor-section-height-full aux-blur-fade elementor-section-height-default elementor-section-items-middle\" data-id=\"65ea5ec\" data-element_type=\"section\" data-settings=\"{&quot;background_background&quot;:&quot;classic&quot;}\">\n\t\t\t\t\t\t<div class=\"elementor-container elementor-column-gap-no\">\n\t\t\t\t\t<div class=\"aux-parallax-section elementor-column elementor-col-100 elementor-top-column elementor-element elementor-element-ad975e6\" data-id=\"ad975e6\" data-element_type=\"column\">\n\t\t\t<div class=\"elementor-widget-wrap elementor-element-populated\">\n\t\t\t\t\t\t<section class=\"elementor-section elementor-inner-section elementor-element elementor-element-28dfcfb elementor-section-boxed elementor-section-height-default elementor-section-height-default\" data-id=\"28dfcfb\" data-element_type=\"section\">\n\t\t\t\t\t\t<div class=\"elementor-container elementor-column-gap-default\">\n\t\t\t\t\t<div class=\"aux-parallax-section elementor-column elementor-col-100 elementor-inner-column elementor-element elementor-element-adae887\" data-id=\"adae887\" data-element_type=\"column\">\n\t\t\t<div class=\"elementor-widget-wrap elementor-element-populated\">\n\t\t\t\t\t\t<div class=\"elementor-element elementor-element-57b3f7c aux-appear-watch-animation aux-scale-down-2 elementor-widget elementor-widget-aux_modern_heading\" data-id=\"57b3f7c\" data-element_type=\"widget\" data-widget_type=\"aux_modern_heading.default\">\n\t\t\t\t<div class=\"elementor-widget-container\">\n\t\t\t<section class=\"aux-widget-modern-heading\">\n            <div class=\"aux-widget-inner\"><h2 class=\"aux-modern-heading-primary\">LE\u015aNE ZACISZE rodzinny dom seniora<\/h2><div class=\"aux-modern-heading-description\"><p><strong>Sobienie Kie\u0142czewskie II 34B (ko\u0142o Otwocka) tel. 886 896 005<\/strong><\/p><\/div><\/div>\n        <\/section>\t\t<\/div>\n\t\t\t\t<\/div>\n\t\t\t\t<div class=\"elementor-element elementor-element-2996e27 aux-appear-watch-animation aux-fade-in-up elementor-widget elementor-widget-aux_modern_button\" data-id=\"2996e27\" data-element_type=\"widget\" data-widget_type=\"aux_modern_button.default\">\n\t\t\t\t<div class=\"elementor-widget-container\">\n\t\t\t    <div class=\"aux-modern-button-wrapper aux-modern-button-align-center\" >\n                    <a class=\"aux-modern-button aux-black aux-modern-button-md aux-modern-button-normal aux-modern-button-default aux-icon-\" href=\"https:\/\/lesne-zacisze.com\/?page_id=77\">\n                <div class=\"aux-overlay\"><\/div>\n                                    <div class=\"aux-icon \">\n                                            <\/div>\n                                <div class=\"aux-text\">\n<span class=\"aux-text-before\">O NAS<\/span>                <\/div>\n            <\/a>\n            \n    <\/div>\n\n    \t\t<\/div>\n\t\t\t\t<\/div>\n\t\t\t\t\t<\/div>\n\t\t<\/div>\n\t\t\t\t\t<\/div>\n\t\t<\/section>\n\t\t\t\t\t<\/div>\n\t\t<\/div>\n\t\t\t\t\t<\/div>\n\t\t<\/section>\n\t\t\t\t<section class=\"elementor-section elementor-top-section elementor-element elementor-element-3dd3605 elementor-reverse-mobile elementor-reverse-tablet elementor-section-boxed elementor-section-height-default elementor-section-height-default\" data-id=\"3dd3605\" data-element_type=\"section\">\n\t\t\t\t\t\t<div class=\"elementor-container elementor-column-gap-no\">\n\t\t\t\t\t<div class=\"aux-parallax-section elementor-column elementor-col-50 elementor-top-column elementor-element elementor-element-cb72e00\" data-id=\"cb72e00\" data-element_type=\"column\" data-settings=\"{&quot;background_background&quot;:&quot;gradient&quot;}\">\n\t\t\t<div class=\"elementor-widget-wrap elementor-element-populated\">\n\t\t\t\t\t\t<div class=\"elementor-element elementor-element-9fdcb5c aux-appear-watch-animation aux-fade-in-left-1 elementor-widget elementor-widget-aux_modern_heading\" data-id=\"9fdcb5c\" data-element_type=\"widget\" data-widget_type=\"aux_modern_heading.default\">\n\t\t\t\t<div class=\"elementor-widget-container\">\n\t\t\t<section class=\"aux-widget-modern-heading\">\n            <div class=\"aux-widget-inner\"><h2 class=\"aux-modern-heading-primary\">Troskliwa i profesjonalna opieka\n<\/h2><\/div>\n        <\/section>\t\t<\/div>\n\t\t\t\t<\/div>\n\t\t\t\t<div class=\"elementor-element elementor-element-ba450dc aux-appear-watch-animation aux-fade-in-up elementor-widget elementor-widget-aux_modern_heading\" data-id=\"ba450dc\" data-element_type=\"widget\" data-widget_type=\"aux_modern_heading.default\">\n\t\t\t\t<div class=\"elementor-widget-container\">\n\t\t\t<section class=\"aux-widget-modern-heading\">\n            <div class=\"aux-widget-inner\"><h2 class=\"aux-modern-heading-primary\"><\/h2><div class=\"aux-modern-heading-description\"><p>Ka\u017cdego naszego Pensjonariusza traktujemy jak cz\u0142onka rodziny. W swej codziennej opiece nad seniorami uwzgl\u0119dniamy indywidualne zalecenia lekarskie, dietetyczne a tak\u017ce rehabilitacyjne.<\/p><\/div><\/div>\n        <\/section>\t\t<\/div>\n\t\t\t\t<\/div>\n\t\t\t\t<div class=\"elementor-element elementor-element-4e3db1c aux-appear-watch-animation aux-fade-in-up elementor-widget elementor-widget-aux_modern_button\" data-id=\"4e3db1c\" data-element_type=\"widget\" data-widget_type=\"aux_modern_button.default\">\n\t\t\t\t<div class=\"elementor-widget-container\">\n\t\t\t    <div class=\"aux-modern-button-wrapper aux-modern-button-align-center\" >\n                    <a class=\"aux-modern-button aux-black aux-modern-button-md aux-modern-button-normal aux-modern-button-default aux-icon-\" href=\"https:\/\/lesne-zacisze.com\/?page_id=76\">\n                <div class=\"aux-overlay\"><\/div>\n                                    <div class=\"aux-icon \">\n                                            <\/div>\n                                <div class=\"aux-text\">\n<span class=\"aux-text-before\">NASZA OFERTA<\/span>                <\/div>\n            <\/a>\n            \n    <\/div>\n\n    \t\t<\/div>\n\t\t\t\t<\/div>\n\t\t\t\t\t<\/div>\n\t\t<\/div>\n\t\t\t\t<div class=\"aux-parallax-section elementor-column elementor-col-50 elementor-top-column elementor-element elementor-element-14556e3\" data-id=\"14556e3\" data-element_type=\"column\">\n\t\t\t<div class=\"elementor-widget-wrap elementor-element-populated\">\n\t\t\t\t\t\t<div class=\"elementor-element elementor-element-3b73fc5 aux-appear-watch elementor-widget elementor-widget-aux_image\" data-id=\"3b73fc5\" data-element_type=\"widget\" data-widget_type=\"aux_image.default\">\n\t\t\t\t<div class=\"elementor-widget-container\">\n\t\t\t<section class=\"widget-container aux-widget-image aux-alignnone aux-parent-au994b5197\">\n    <div class=\"aux-media-hint-frame \">\n        <div class=\"aux-media-image \" >\n        \n            \n\n            \n            <img fetchpriority=\"high\" decoding=\"async\" width=\"600\" height=\"600\" src=\"https:\/\/lesne-zacisze.com\/wp-content\/uploads\/2022\/08\/jeshoots-com-l0j0DHVWcIE-unsplash-scaled-600x600.jpg\" class=\"aux-attachment aux-featured-image aux-attachment-id-164 aux-img-dynamic-dropshadow\" alt=\"jeshoots-com-l0j0DHVWcIE-unsplash\" srcset=\"https:\/\/lesne-zacisze.com\/wp-content\/uploads\/2022\/08\/jeshoots-com-l0j0DHVWcIE-unsplash-scaled-150x150.jpg 150w,https:\/\/lesne-zacisze.com\/wp-content\/uploads\/2022\/08\/jeshoots-com-l0j0DHVWcIE-unsplash-scaled-300x300.jpg 300w,https:\/\/lesne-zacisze.com\/wp-content\/uploads\/2022\/08\/jeshoots-com-l0j0DHVWcIE-unsplash-scaled-768x768.jpg 768w,https:\/\/lesne-zacisze.com\/wp-content\/uploads\/2022\/08\/jeshoots-com-l0j0DHVWcIE-unsplash-scaled-1024x1024.jpg 1024w,https:\/\/lesne-zacisze.com\/wp-content\/uploads\/2022\/08\/jeshoots-com-l0j0DHVWcIE-unsplash-scaled-600x600.jpg 600w\" data-ratio=\"1\" data-original-w=\"2560\" sizes=\"(max-width:479px) 480px,(max-width:767px) 768px,(max-width:1023px) 1024px,600px\" \/>            \n                <\/div>\n    <\/div>\n\n<\/section><!-- widget-container -->\t\t<\/div>\n\t\t\t\t<\/div>\n\t\t\t\t\t<\/div>\n\t\t<\/div>\n\t\t\t\t\t<\/div>\n\t\t<\/section>\n\t\t\t\t<section class=\"elementor-section elementor-top-section elementor-element elementor-element-ad96446 aux-appear-watch-animation aux-mask-from-top elementor-section-boxed elementor-section-height-default elementor-section-height-default\" data-id=\"ad96446\" data-element_type=\"section\" data-settings=\"{&quot;background_background&quot;:&quot;classic&quot;}\">\n\t\t\t\t\t\t<div class=\"elementor-container elementor-column-gap-no\">\n\t\t\t\t\t<div class=\"aux-parallax-section elementor-column elementor-col-100 elementor-top-column elementor-element elementor-element-f7971b4\" data-id=\"f7971b4\" data-element_type=\"column\">\n\t\t\t<div class=\"elementor-widget-wrap elementor-element-populated\">\n\t\t\t\t\t\t<div class=\"elementor-element elementor-element-1786df1 aux-appear-watch-animation aux-fade-in-up elementor-widget elementor-widget-aux_modern_heading\" data-id=\"1786df1\" data-element_type=\"widget\" data-widget_type=\"aux_modern_heading.default\">\n\t\t\t\t<div class=\"elementor-widget-container\">\n\t\t\t<section class=\"aux-widget-modern-heading\">\n            <div class=\"aux-widget-inner\"><h2 class=\"aux-modern-heading-primary\">Opinie o Naszym Domu Seniora z Google'a\n\n<\/h2><\/div>\n        <\/section>\t\t<\/div>\n\t\t\t\t<\/div>\n\t\t\t\t<section class=\"elementor-section elementor-inner-section elementor-element elementor-element-7567386 elementor-section-boxed elementor-section-height-default elementor-section-height-default\" data-id=\"7567386\" data-element_type=\"section\">\n\t\t\t\t\t\t<div class=\"elementor-container elementor-column-gap-default\">\n\t\t\t\t\t<div class=\"aux-parallax-section elementor-column elementor-col-33 elementor-inner-column elementor-element elementor-element-5db30c4 aux-appear-watch-animation aux-fade-in-right-1\" data-id=\"5db30c4\" data-element_type=\"column\">\n\t\t\t<div class=\"elementor-widget-wrap elementor-element-populated\">\n\t\t\t\t\t\t<div class=\"elementor-element elementor-element-e51109d elementor-widget elementor-widget-aux_testimonial\" data-id=\"e51109d\" data-element_type=\"widget\" data-widget_type=\"aux_testimonial.default\">\n\t\t\t\t<div class=\"elementor-widget-container\">\n\t\t\t<section class=\"widget-container aux-widget-testimonial-container aux-parent-auf0f45666\">    <div class=\"  aux-widget-testimonial aux-testimonial-image-top \">\n                <div class=\"aux-testimonial-infobox\">\n                        <div class=\"aux-testimonial-info\">\n                                <h4 class=\"col-title\">Jerzy Janasz<\/h4>\n                                <div class=\"aux-rating-box aux-star-rating\">\n                    <span class=\"aux-star-rating-avg\" style=\"width: 100%\"> <\/span>\n                <\/div>\n                            <\/div>\n        <\/div>\n                <div class=\"aux-testimonial-content\">\n            <div class=\"entry-content\">\n                                W imieniu naszej mamy Stanis\u0142awy Go\u0142\u0119biowskiej i Rodziny dzi\u0119kujemy za dziewi\u0119\u0107 lat opieki w Domu Seniora - Le\u015bne Zacisze. Nasze podzi\u0119kowania kierujemy do Dyrekcji Pa\u0144stwa Bogumi\u0142y i Grzegorza Paw\u0142owskich oraz ca\u0142ego Personelu plac\u00f3wki za ogromny trud jaki wk\u0142adaj\u0105 ka\u017cdego dnia w opiek\u0119 nad seniorami. Dyrekcja stworzy\u0142a wspania\u0142e warunki by pobyt naszych najbli\u017cszych by\u0142 godny i szcz\u0119\u015bliwy.  Z wyrazami szacunku Halina i Jerzy Janaszowie\n\n            <\/div>\n        <\/div>\n            <\/div>\n\n<\/section><!-- widget-container -->\t\t<\/div>\n\t\t\t\t<\/div>\n\t\t\t\t\t<\/div>\n\t\t<\/div>\n\t\t\t\t<div class=\"aux-parallax-section elementor-column elementor-col-33 elementor-inner-column elementor-element elementor-element-f3a7b88 aux-appear-watch-animation aux-fade-in-right-1\" data-id=\"f3a7b88\" data-element_type=\"column\">\n\t\t\t<div class=\"elementor-widget-wrap elementor-element-populated\">\n\t\t\t\t\t\t<div class=\"elementor-element elementor-element-24353e7 elementor-widget elementor-widget-aux_testimonial\" data-id=\"24353e7\" data-element_type=\"widget\" data-widget_type=\"aux_testimonial.default\">\n\t\t\t\t<div class=\"elementor-widget-container\">\n\t\t\t<section class=\"widget-container aux-widget-testimonial-container aux-parent-au9e2ed255\">    <div class=\"  aux-widget-testimonial aux-testimonial-image-top \">\n                <div class=\"aux-testimonial-infobox\">\n                        <div class=\"aux-testimonial-info\">\n                                <h4 class=\"col-title\">Laura Ber<\/h4>\n                                <div class=\"aux-rating-box aux-star-rating\">\n                    <span class=\"aux-star-rating-avg\" style=\"width: 100%\"> <\/span>\n                <\/div>\n                            <\/div>\n        <\/div>\n                <div class=\"aux-testimonial-content\">\n            <div class=\"entry-content\">\n                                Szuka\u0142am dla Mamy miejsca takiego w kt\u00f3rym sama chcia\u0142abym przebywa\u0107. Te miejsce w\u0142a\u015bnie takie jest. \u0141adny teren znajduj\u0105cy si\u0119 przy lesie z \u0142aweczkami, pawiami i oran\u017ceri\u0105. Pokoje przytulne, z telewizorem, jak w pensjonacie. Panie tam pracuj\u0105ce bardzo mi\u0142e, pomocne, z du\u017c\u0105 empati\u0105. Moja Mama m\u00f3wi\u0142a \u017ce jest tu szcz\u0119\u015bliwa. Serdecznie dzi\u0119kuj\u0119 Pani\u0105 za opiek\u0119 nad Mam\u0105 i w\u0142a\u015bciciel\u0105 za du\u017c\u0105 \u017cyczliwo\u015b\u0107.            <\/div>\n        <\/div>\n            <\/div>\n\n<\/section><!-- widget-container -->\t\t<\/div>\n\t\t\t\t<\/div>\n\t\t\t\t\t<\/div>\n\t\t<\/div>\n\t\t\t\t<div class=\"aux-parallax-section elementor-column elementor-col-33 elementor-inner-column elementor-element elementor-element-1d85c78 aux-appear-watch-animation aux-fade-in-right-1\" data-id=\"1d85c78\" data-element_type=\"column\">\n\t\t\t<div class=\"elementor-widget-wrap elementor-element-populated\">\n\t\t\t\t\t\t<div class=\"elementor-element elementor-element-7151170 elementor-widget elementor-widget-aux_testimonial\" data-id=\"7151170\" data-element_type=\"widget\" data-widget_type=\"aux_testimonial.default\">\n\t\t\t\t<div class=\"elementor-widget-container\">\n\t\t\t<section class=\"widget-container aux-widget-testimonial-container aux-parent-au34d27344\">    <div class=\"  aux-widget-testimonial aux-testimonial-image-top \">\n                <div class=\"aux-testimonial-infobox\">\n                        <div class=\"aux-testimonial-info\">\n                                <h4 class=\"col-title\">Joanna Jaskulska<\/h4>\n                                <div class=\"aux-rating-box aux-star-rating\">\n                    <span class=\"aux-star-rating-avg\" style=\"width: 100%\"> <\/span>\n                <\/div>\n                            <\/div>\n        <\/div>\n                <div class=\"aux-testimonial-content\">\n            <div class=\"entry-content\">\n                                Dom przystosowany dla os\u00f3b starszych i niepe\u0142nosprawnych.  Miejsce bardzo urokliwe, spokojne, du\u017co zieleni. Obs\u0142uga na najwy\u017cszym poziomie. Przemi\u0142y, do\u015bwiadczony i kompetentny personel. Serdecznie polecam.\n\n            <\/div>\n        <\/div>\n            <\/div>\n\n<\/section><!-- widget-container -->\t\t<\/div>\n\t\t\t\t<\/div>\n\t\t\t\t\t<\/div>\n\t\t<\/div>\n\t\t\t\t\t<\/div>\n\t\t<\/section>\n\t\t\t\t\t<\/div>\n\t\t<\/div>\n\t\t\t\t\t<\/div>\n\t\t<\/section>\n\t\t\t\t<section class=\"elementor-section elementor-top-section elementor-element elementor-element-12658ae elementor-section-boxed elementor-section-height-default elementor-section-height-default\" data-id=\"12658ae\" data-element_type=\"section\">\n\t\t\t\t\t\t<div class=\"elementor-container elementor-column-gap-no\">\n\t\t\t\t\t<div class=\"aux-parallax-section elementor-column elementor-col-100 elementor-top-column elementor-element elementor-element-ba0fca3\" data-id=\"ba0fca3\" data-element_type=\"column\">\n\t\t\t<div class=\"elementor-widget-wrap elementor-element-populated\">\n\t\t\t\t\t\t<div class=\"elementor-element elementor-element-3adcf37 aux-appear-watch-animation aux-fade-in-up elementor-widget elementor-widget-aux_modern_heading\" data-id=\"3adcf37\" data-element_type=\"widget\" data-widget_type=\"aux_modern_heading.default\">\n\t\t\t\t<div class=\"elementor-widget-container\">\n\t\t\t<section class=\"aux-widget-modern-heading\">\n            <div class=\"aux-widget-inner\"><h2 class=\"aux-modern-heading-primary\">Najnowsze informacje\n\n<\/h2><\/div>\n        <\/section>\t\t<\/div>\n\t\t\t\t<\/div>\n\t\t\t\t<div class=\"elementor-element elementor-element-7b1b248 aux-appear-watch-animation aux-fade-in-up elementor-widget elementor-widget-aux_recent_posts\" data-id=\"7b1b248\" data-element_type=\"widget\" data-settings=\"{&quot;columns&quot;:&quot;2&quot;,&quot;columns_tablet&quot;:&quot;1&quot;,&quot;columns_mobile&quot;:&quot;1&quot;}\" data-widget_type=\"aux_recent_posts.default\">\n\t\t\t\t<div class=\"elementor-widget-container\">\n\t\t\t<section class=\"widget-container aux-widget-recent-posts aux-parent-au51e1a605\"><div data-element-id=\"au51e1a605\" class=\"master-carousel aux-no-js aux-mc-before-init aux-side-control aux-grid-carousel-modern-layout aux-ajax-view  \" data-same-height=\"true\" data-wrap-controls=\"true\" data-bullet-class=\"aux-bullets aux-small aux-mask\" data-columns=\"2\"   data-navigation=\"peritem\" data-space=\"30\"  data-bullets=\"false\" data-arrows=\"true\" data-responsive=\"1025:1,767:1\" ><div class=\"aux-mc-item post-82\">\n                        <article class=\"post column-entry post-82 type-post status-publish format-standard has-post-thumbnail hentry category-post category-uncategorized tag-blog\">\n                                                        <div class=\"entry-media\"><div class=\"aux-media-frame aux-media-image aux-image-mask\"><a href=\"https:\/\/lesne-zacisze.com\/?p=82\"><img decoding=\"async\" src=\"https:\/\/lesne-zacisze.com\/wp-content\/uploads\/2018\/04\/john-schnobrich-FlPc9_VocJ4-unsplash-scaled-970x543.jpg\" class=\"aux-attachment aux-featured-image attachment-970x543.2 aux-attachment-id-225 \" alt=\"john-schnobrich-FlPc9_VocJ4-unsplash\" srcset=\"https:\/\/lesne-zacisze.com\/wp-content\/uploads\/2018\/04\/john-schnobrich-FlPc9_VocJ4-unsplash-scaled-150x84.jpg 150w,https:\/\/lesne-zacisze.com\/wp-content\/uploads\/2018\/04\/john-schnobrich-FlPc9_VocJ4-unsplash-scaled-300x168.jpg 300w,https:\/\/lesne-zacisze.com\/wp-content\/uploads\/2018\/04\/john-schnobrich-FlPc9_VocJ4-unsplash-scaled-768x430.jpg 768w,https:\/\/lesne-zacisze.com\/wp-content\/uploads\/2018\/04\/john-schnobrich-FlPc9_VocJ4-unsplash-scaled-1024x573.jpg 1024w,https:\/\/lesne-zacisze.com\/wp-content\/uploads\/2018\/04\/john-schnobrich-FlPc9_VocJ4-unsplash-scaled-970x543.jpg 970w,https:\/\/lesne-zacisze.com\/wp-content\/uploads\/2018\/04\/john-schnobrich-FlPc9_VocJ4-unsplash-scaled-2550x1428.jpg 2550w\" data-ratio=\"1.79\" data-original-w=\"2560\" sizes=\"(max-width:479px) 480px,(max-width:767px) 768px,(max-width:1023px) 1024px,970px\" \/><\/a><\/div><\/div>\n                            \n                            <div class=\"entry-main\">\n                                                                                        \n                                <div class=\"entry-info\">\n                                                                    <div class=\"entry-date\">\n                                        <a href=\"https:\/\/lesne-zacisze.com\/?p=82\">\n                                            <time datetime=\"2022-08-16T08:49:00+00:00\" title=\"2022-08-16T08:49:00+00:00\" >16 sierpnia, 2022<\/time>\n                                        <\/a>\n                                    <\/div>\n                                                                                                    <span class=\"entry-meta-sep meta-sep\">przez<\/span>\n                                    <span class=\"author vcard\">\n                                        <a href=\"https:\/\/lesne-zacisze.com\/?author=1\" rel=\"author\" title=\"View all posts by Le\u015bne Zacisze\" >\n                                            Le\u015bne Zacisze                                        <\/a>\n                                    <\/span>\n                                                                                                                                                                        <\/div>\n                            \n                                <header class=\"entry-header\">\n                                \n                                    <h4 class=\"entry-title\">\n                                        <a href=\"https:\/\/lesne-zacisze.com\/?p=82\">\n                                            Witamy na nowej stronie                                        <\/a>\n                                    <\/h4>\n                                                                    <div class=\"entry-format\">\n                                        <a href=\"https:\/\/lesne-zacisze.com\/?p=82\">\n                                            <div class=\"post-format format-\"> <\/div>\n                                        <\/a>\n                                    <\/div>\n                                <\/header>\n                            \n                                                                                        <footer class=\"entry-meta aux-after-content\">\n                                                                        <div class=\"readmore\">\n                                        <a href=\"https:\/\/lesne-zacisze.com\/?p=82\" class=\"aux-read-more\"><span class=\"aux-read-more-text\">READ MORE<\/span><\/a>\n                                    <\/div>\n                                                                    <\/footer>\n                            \n                            <\/div>\n\n                        <\/article>\n<\/div>            <div class=\"aux-carousel-controls\">\n                <div class=\"aux-next-arrow\">\n                    <span class=\"aux-svg-arrow aux-l-right\"><\/span>\n                <\/div>\n                <div class=\"aux-prev-arrow\">\n                    <span class=\"aux-svg-arrow aux-l-left\"><\/span>\n\n                <\/div>\n            <\/div>\n        <\/div><\/section><!-- widget-container -->\t\t<\/div>\n\t\t\t\t<\/div>\n\t\t\t\t<div class=\"elementor-element elementor-element-e7bb292 aux-appear-watch-animation aux-fade-in-up elementor-widget elementor-widget-aux_modern_button\" data-id=\"e7bb292\" data-element_type=\"widget\" data-widget_type=\"aux_modern_button.default\">\n\t\t\t\t<div class=\"elementor-widget-container\">\n\t\t\t    <div class=\"aux-modern-button-wrapper aux-modern-button-align-center\" >\n                    <a class=\"aux-modern-button aux-black aux-modern-button-md aux-modern-button-normal aux-modern-button-default aux-icon-\" href=\"https:\/\/lesne-zacisze.com\/?page_id=85\">\n                <div class=\"aux-overlay\"><\/div>\n                                    <div class=\"aux-icon \">\n                                            <\/div>\n                                <div class=\"aux-text\">\n<span class=\"aux-text-before\">BLOG<\/span>                <\/div>\n            <\/a>\n            \n    <\/div>\n\n    \t\t<\/div>\n\t\t\t\t<\/div>\n\t\t\t\t\t<\/div>\n\t\t<\/div>\n\t\t\t\t\t<\/div>\n\t\t<\/section>\n\t\t\t\t<\/div>\n\t\t","protected":false},"excerpt":{"rendered":"<p>LE\u015aNE ZACISZE rodzinny dom seniora Sobienie Kie\u0142czewskie II 34B (ko\u0142o Otwocka) tel. 886 896 005 O NAS Troskliwa i profesjonalna opieka Ka\u017cdego naszego Pensjonariusza traktujemy jak cz\u0142onka rodziny. W swej codziennej opiece nad seniorami uwzgl\u0119dniamy indywidualne zalecenia lekarskie, dietetyczne a tak\u017ce rehabilitacyjne. NASZA OFERTA Opinie o Naszym Domu Seniora z Google&#8217;a Jerzy Janasz W imieniu [&hellip;]<\/p>\n","protected":false},"author":1,"featured_media":0,"parent":0,"menu_order":0,"comment_status":"closed","ping_status":"closed","template":"templates\/page-builder-content.php","meta":{"_monsterinsights_skip_tracking":false,"_monsterinsights_sitenote_active":false,"_monsterinsights_sitenote_note":"","_monsterinsights_sitenote_category":0,"footnotes":""},"aioseo_notices":[],"_links":{"self":[{"href":"https:\/\/lesne-zacisze.com\/index.php?rest_route=\/wp\/v2\/pages\/80"}],"collection":[{"href":"https:\/\/lesne-zacisze.com\/index.php?rest_route=\/wp\/v2\/pages"}],"about":[{"href":"https:\/\/lesne-zacisze.com\/index.php?rest_route=\/wp\/v2\/types\/page"}],"author":[{"embeddable":true,"href":"https:\/\/lesne-zacisze.com\/index.php?rest_route=\/wp\/v2\/users\/1"}],"replies":[{"embeddable":true,"href":"https:\/\/lesne-zacisze.com\/index.php?rest_route=%2Fwp%2Fv2%2Fcomments&post=80"}],"version-history":[{"count":145,"href":"https:\/\/lesne-zacisze.com\/index.php?rest_route=\/wp\/v2\/pages\/80\/revisions"}],"predecessor-version":[{"id":410,"href":"https:\/\/lesne-zacisze.com\/index.php?rest_route=\/wp\/v2\/pages\/80\/revisions\/410"}],"wp:attachment":[{"href":"https:\/\/lesne-zacisze.com\/index.php?rest_route=%2Fwp%2Fv2%2Fmedia&parent=80"}],"curies":[{"name":"wp","href":"https:\/\/api.w.org\/{rel}","templated":true}]}}